{"id":276,"date":"2024-04-02T15:48:56","date_gmt":"2024-04-02T18:48:56","guid":{"rendered":"https:\/\/form.keyhome.realestate\/?page_id=276"},"modified":"2024-06-20T08:53:26","modified_gmt":"2024-06-20T11:53:26","slug":"make-your-dream-come-true","status":"publish","type":"page","link":"https:\/\/form.keyhome.realestate\/pt\/make-your-dream-come-true\/","title":{"rendered":"Make your dream come true"},"content":{"rendered":"<div data-elementor-type=\"wp-page\" data-elementor-id=\"276\" class=\"elementor elementor-276\" data-elementor-post-type=\"page\">\n\t\t\t\t<div class=\"elementor-element elementor-element-ae03023 e-con-full elementor-hidden-mobile e-flex e-con e-parent\" data-id=\"ae03023\" data-element_type=\"container\">\n\t\t\t\t<div class=\"elementor-element elementor-element-2a51a04 elementor--h-position-left elementor--v-position-middle elementor-arrows-position-inside elementor-pagination-position-inside elementor-widget elementor-widget-slides\" data-id=\"2a51a04\" data-element_type=\"widget\" data-settings=\"{&quot;navigation&quot;:&quot;both&quot;,&quot;autoplay&quot;:&quot;yes&quot;,&quot;pause_on_hover&quot;:&quot;yes&quot;,&quot;pause_on_interaction&quot;:&quot;yes&quot;,&quot;autoplay_speed&quot;:5000,&quot;infinite&quot;:&quot;yes&quot;,&quot;transition&quot;:&quot;slide&quot;,&quot;transition_speed&quot;:500}\" data-widget_type=\"slides.default\">\n\t\t\t\t<div class=\"elementor-widget-container\">\n\t\t\t\t\t\t\t\t\t<div class=\"elementor-swiper\">\n\t\t\t\t\t<div class=\"elementor-slides-wrapper elementor-main-swiper swiper\" role=\"region\" aria-roledescription=\"carousel\" aria-label=\"Slides\" dir=\"ltr\" data-animation=\"fadeInUp\">\n\t\t\t\t<div class=\"swiper-wrapper elementor-slides\">\n\t\t\t\t\t\t\t\t\t\t<div class=\"elementor-repeater-item-a0c5c02 swiper-slide\" role=\"group\" aria-roledescription=\"slide\"><div class=\"swiper-slide-bg\" role=\"img\"><\/div><div class=\"swiper-slide-inner\" ><div class=\"swiper-slide-contents\"><div class=\"elementor-slide-heading\">MAKE YOUR DREAM COME TRUE<\/div><div class=\"elementor-slide-description\"><p>Interested in financing your home? Understanding how a mortgage works, the options available to you, and how to apply is the best place to start. We originate home loans through the wholesale market. To learn more or see if you qualify, contact us directly.<\/p>\n<\/div><a href=\"https:\/\/api.whatsapp.com\/send?phone=19542749997&#038;text=Hi,%20I%20came%20from%20the%20website%20and%20I%20would%20like%20more%20information!Ol%C3%A1!%20Vim%20atrav%C3%A9s%20do%20site,%20e%20gostaria%20de%20falar%20com%20voc%C3%AAs\" target=\"_blank\" class=\"elementor-button elementor-slide-button elementor-size-sm\">CONTATE-NOS<\/a><\/div><\/div><\/div>\t\t\t\t<\/div>\n\t\t\t\t\t\t\t<\/div>\n\t\t\t\t<\/div>\n\t\t\t\t\t\t\t\t<\/div>\n\t\t\t\t<\/div>\n\t\t\t\t<\/div>\n\t\t<div class=\"elementor-element elementor-element-7b2f9ee e-con-full elementor-hidden-tablet elementor-hidden-desktop e-flex e-con e-parent\" data-id=\"7b2f9ee\" data-element_type=\"container\">\n\t\t\t\t<div class=\"elementor-element elementor-element-9740918 elementor--h-position-left elementor--v-position-top elementor-arrows-position-inside elementor-pagination-position-inside elementor-widget elementor-widget-slides\" data-id=\"9740918\" data-element_type=\"widget\" data-settings=\"{&quot;navigation&quot;:&quot;both&quot;,&quot;autoplay&quot;:&quot;yes&quot;,&quot;pause_on_hover&quot;:&quot;yes&quot;,&quot;pause_on_interaction&quot;:&quot;yes&quot;,&quot;autoplay_speed&quot;:5000,&quot;infinite&quot;:&quot;yes&quot;,&quot;transition&quot;:&quot;slide&quot;,&quot;transition_speed&quot;:500}\" data-widget_type=\"slides.default\">\n\t\t\t\t<div class=\"elementor-widget-container\">\n\t\t\t\t\t\t\t\t\t<div class=\"elementor-swiper\">\n\t\t\t\t\t<div class=\"elementor-slides-wrapper elementor-main-swiper swiper\" role=\"region\" aria-roledescription=\"carousel\" aria-label=\"Slides\" dir=\"ltr\" data-animation=\"fadeInUp\">\n\t\t\t\t<div class=\"swiper-wrapper elementor-slides\">\n\t\t\t\t\t\t\t\t\t\t<div class=\"elementor-repeater-item-a0c5c02 swiper-slide\" role=\"group\" aria-roledescription=\"slide\"><div class=\"swiper-slide-bg\" role=\"img\"><\/div><div class=\"swiper-slide-inner\" ><div class=\"swiper-slide-contents\"><div class=\"elementor-slide-heading\">MAKE YOUR DREAM COME TRUE<\/div><div class=\"elementor-slide-description\"><p>Interested in financing your home? Understanding how a mortgage works, the options available to you, and how to apply is the best place to start. We originate home loans through the wholesale market. To learn more or see if you qualify, contact us directly.<\/p>\n<\/div><a href=\"https:\/\/api.whatsapp.com\/send?phone=19542749997&#038;text=Hi,%20I%20came%20from%20the%20website%20and%20I%20would%20like%20more%20information!Ol%C3%A1!%20Vim%20atrav%C3%A9s%20do%20site,%20e%20gostaria%20de%20falar%20com%20voc%C3%AAs\" target=\"_blank\" class=\"elementor-button elementor-slide-button elementor-size-sm\">CONTATE-NOS<\/a><\/div><\/div><\/div>\t\t\t\t<\/div>\n\t\t\t\t\t\t\t<\/div>\n\t\t\t\t<\/div>\n\t\t\t\t\t\t\t\t<\/div>\n\t\t\t\t<\/div>\n\t\t\t\t<\/div>\n\t\t<div data-dce-background-color=\"#FFFFFF\" class=\"elementor-element elementor-element-30c6aa0 e-con-full e-flex e-con e-parent\" data-id=\"30c6aa0\" data-element_type=\"container\" data-settings=\"{&quot;background_background&quot;:&quot;classic&quot;}\">\n\t\t\t\t<div class=\"elementor-element elementor-element-09149ae elementor-widget elementor-widget-heading\" data-id=\"09149ae\" data-element_type=\"widget\" data-widget_type=\"heading.default\">\n\t\t\t\t<div class=\"elementor-widget-container\">\n\t\t\t\t\t<h2 class=\"elementor-heading-title elementor-size-default\">MortgAge CAlculAtor<\/h2>\t\t\t\t<\/div>\n\t\t\t\t<\/div>\n\t\t\t\t<div class=\"elementor-element elementor-element-af7586f elementor-widget elementor-widget-text-editor\" data-id=\"af7586f\" data-element_type=\"widget\" data-widget_type=\"text-editor.default\">\n\t\t\t\t<div class=\"elementor-widget-container\">\n\t\t\t\t\t\t\t\t\t<p>Lorem ipsum dolor sit amet consectetur. Velit ultricies arcu nisl sed. Faucibus nunc sed turpis blandit commodo nec congue. Aliquam pretium dui turpis mauris fringilla elit a faucibus. Ut posuere lacus elementum sed viverra orci morbi neque eu. Mattis.<\/p>\n\t\t\t\t\t\t\t\t<\/div>\n\t\t\t\t<\/div>\n\t\t<div data-dce-background-color=\"#BEAE86\" data-dce-background-image-url=\"https:\/\/form.keyhome.realestate\/wp-content\/uploads\/2024\/04\/Rectangle-27.png\" class=\"elementor-element elementor-element-100863e e-con-full e-flex e-con e-child\" data-id=\"100863e\" data-element_type=\"container\" data-settings=\"{&quot;background_background&quot;:&quot;classic&quot;}\">\n\t\t\t\t<div class=\"elementor-element elementor-element-d6ddde7 elementor-widget elementor-widget-shortcode\" data-id=\"d6ddde7\" data-element_type=\"widget\" data-widget_type=\"shortcode.default\">\n\t\t\t\t<div class=\"elementor-widget-container\">\n\t\t\t\t\t\t\t<div class=\"elementor-shortcode\">[optima_express_mortgage_calculator]<\/div>\n\t\t\t\t\t\t<\/div>\n\t\t\t\t<\/div>\n\t\t\t\t<\/div>\n\t\t\t\t<div class=\"elementor-element elementor-element-ab62c79 elementor-widget elementor-widget-text-editor\" data-id=\"ab62c79\" data-element_type=\"widget\" data-widget_type=\"text-editor.default\">\n\t\t\t\t<div class=\"elementor-widget-container\">\n\t\t\t\t\t\t\t\t\t<p>WHOLESALE MORTGAGE vs TRADITIONAL BANK MORTGAGE<\/p>\n<p>At a bank or credit union your mortgage application will be handed off to different people multiple times during the process. This adds unnecessary time, cost, and complexity to your application. And there may be no way to directly contact the people working on your application. A bank will only be able to show you their own loan programs.<\/p>\n<p>Wholesale loan originators work differently. When you apply, the loan originator will be the person who performs all tasks needed within the application to prepare the file for final submission\/approval. The advantages are numerous, you speak directly with the person working your loan. Less people involved equals less cost, less downtime, and faster turn around times. A wholesale loan originator has a wider range of mortgage types available.<\/p>\n<p>To learn more or to see if you qualify,\u00a0<a style=\"color: #bfa66b\" href=\"https:\/\/api.whatsapp.com\/send?phone=19542749997&amp;text=Ol%C3%A1!%20Vim%20atrav%C3%A9s%20do%20site,%20e%20gostaria%20de%20falar%20com%20voc%C3%AAs!\" target=\"_blank\" rel=\"noopener\">contact us<\/a>\u00a0directly.<\/p>\n<p>MAKE YOUR DREAM HOME COME TRUE<\/p>\n<p>Nearly 80% of home buyers purchased their homes with a mortgage in 2023. Many people have a rough idea of what a mortgage is, a loan to purchase a home and that is correct. This is where most peoples understanding ends. Mortgages can be difficult to understand, especially for first time home buyers. Lenders and banks (yes, they are different) will often use industry terms like discount points, lender paid, escrow, buy-down, etc. This can be confusing and difficult to navigate. We have a solution. We help our buyers by making them savvy borrowers, a distinct advantage. We also provide in house financing through the wholesale market. Did you know wholesale lending is the lowest cost source of mortgage financing? Yes, even if you are a \u201cpreferred client\u201d at a bank or credit union.<\/p>\n\t\t\t\t\t\t\t\t<\/div>\n\t\t\t\t<\/div>\n\t\t\t\t<\/div>\n\t\t<div class=\"elementor-element elementor-element-1c9e497 e-flex e-con-boxed e-con e-parent\" data-id=\"1c9e497\" data-element_type=\"container\">\n\t\t\t\t\t<div class=\"e-con-inner\">\n\t\t\t\t\t<\/div>\n\t\t\t\t<\/div>\n\t\t<div data-dce-background-overlay-color=\"#04070799\" data-dce-background-image-url=\"https:\/\/form.keyhome.realestate\/wp-content\/uploads\/2024\/05\/CTA.png\" class=\"elementor-element elementor-element-909bb28 e-con-full e-flex e-con e-parent\" data-id=\"909bb28\" data-element_type=\"container\" data-settings=\"{&quot;background_background&quot;:&quot;classic&quot;}\">\n\t\t<div class=\"elementor-element elementor-element-4941fe1 e-con-full e-flex e-con e-child\" data-id=\"4941fe1\" data-element_type=\"container\">\n\t\t\t\t<div class=\"elementor-element elementor-element-2adb43e elementor-widget elementor-widget-heading\" data-id=\"2adb43e\" data-element_type=\"widget\" data-widget_type=\"heading.default\">\n\t\t\t\t<div class=\"elementor-widget-container\">\n\t\t\t\t\t<h2 class=\"elementor-heading-title elementor-size-default\">MANTENHA-SE ATUALIZADO CONOSCO<\/h2>\t\t\t\t<\/div>\n\t\t\t\t<\/div>\n\t\t\t\t<div class=\"elementor-element elementor-element-56b3d26 elementor-widget elementor-widget-text-editor\" data-id=\"56b3d26\" data-element_type=\"widget\" data-widget_type=\"text-editor.default\">\n\t\t\t\t<div class=\"elementor-widget-container\">\n\t\t\t\t\t\t\t\t\t<b>.Inscreva-se<\/b> para not\u00edcias exclusivas e atualiza\u00e7\u00f5es do mercado!\t\t\t\t\t\t\t\t<\/div>\n\t\t\t\t<\/div>\n\t\t\t\t<div class=\"elementor-element elementor-element-d4ff435 elementor-button-align-center elementor-widget__width-initial elementor-widget elementor-widget-form\" data-id=\"d4ff435\" data-element_type=\"widget\" data-settings=\"{&quot;step_next_label&quot;:&quot;Next&quot;,&quot;step_previous_label&quot;:&quot;Previous&quot;,&quot;button_width&quot;:&quot;100&quot;,&quot;dce_confirm_dialog_enabled&quot;:&quot;no&quot;,&quot;step_type&quot;:&quot;number_text&quot;,&quot;step_icon_shape&quot;:&quot;circle&quot;,&quot;label_icon_size&quot;:{&quot;unit&quot;:&quot;px&quot;,&quot;size&quot;:&quot;&quot;,&quot;sizes&quot;:[]},&quot;field_icon_size&quot;:{&quot;unit&quot;:&quot;px&quot;,&quot;size&quot;:&quot;&quot;,&quot;sizes&quot;:[]}}\" data-widget_type=\"form.default\">\n\t\t\t\t<div class=\"elementor-widget-container\">\n\t\t\t\t\t\t\t<form class=\"elementor-form\" method=\"post\" name=\"New Form\" action=\"\">\n\t\t\t<input type=\"hidden\" name=\"post_id\" value=\"276\"\/>\n\t\t\t<input type=\"hidden\" name=\"form_id\" value=\"d4ff435\"\/>\n\t\t\t<input type=\"hidden\" name=\"referer_title\" value=\"Key Home\" \/>\n\n\t\t\t\n\t\t\t<div class=\"elementor-form-fields-wrapper elementor-labels-\">\n\t\t\t\t\t\t\t\t<div class=\"elementor-field-type-email elementor-field-group elementor-column elementor-field-group-email elementor-col-100 elementor-field-required\">\n\t\t\t\t\t\t\t\t\t\t\t\t<label for=\"form-field-email\" class=\"elementor-field-label elementor-screen-only\">\n\t\t\t\t\t\t\t\tEmail\t\t\t\t\t\t\t<\/label>\n\t\t\t\t\t\t\t\t\t\t\t\t\t\t<input size=\"1\" type=\"email\" name=\"form_fields[email]\" id=\"form-field-email\" class=\"elementor-field elementor-size-sm  elementor-field-textual\" placeholder=\"SEU EMAIL\" required=\"required\" aria-required=\"true\">\n\t\t\t\t\t\t\t\t\t\t\t<\/div>\n\t\t\t\t\t\t\t\t<div class=\"elementor-field-group elementor-column elementor-field-type-submit elementor-col-100 e-form__buttons\">\n\t\t\t\t\t<button class=\"elementor-button elementor-size-sm\" type=\"submit\">\n\t\t\t\t\t\t<span class=\"elementor-button-content-wrapper\">\n\t\t\t\t\t\t\t\t\t\t\t\t\t\t\t\t\t\t\t\t\t\t<span class=\"elementor-button-text\">ENVIAR<\/span>\n\t\t\t\t\t\t\t\t\t\t\t\t\t<\/span>\n\t\t\t\t\t<\/button>\n\t\t\t\t<\/div>\n\t\t\t<\/div>\n\t\t<input type=\"hidden\" name=\"trp-form-language\" value=\"pt\"\/><\/form>\n\t\t\t\t\t\t<\/div>\n\t\t\t\t<\/div>\n\t\t\t\t<\/div>\n\t\t\t\t<\/div>\n\t\t\t\t<\/div>","protected":false},"excerpt":{"rendered":"<p>MAKE YOUR DREAM COME TRUECONTACT US MAKE YOUR DREAM COME TRUECONTACT US MortgAge CAlculAtor [optima_express_mortgage_calculator] KEEP UP TO DATE WITH US Sign up for exclusive news and market updates!<\/p>","protected":false},"author":1,"featured_media":0,"parent":0,"menu_order":0,"comment_status":"closed","ping_status":"closed","template":"","meta":{"_acf_changed":false,"ocean_post_layout":"full-screen","ocean_both_sidebars_style":"","ocean_both_sidebars_content_width":0,"ocean_both_sidebars_sidebars_width":0,"ocean_sidebar":"","ocean_second_sidebar":"","ocean_disable_margins":"enable","ocean_add_body_class":"","ocean_shortcode_before_top_bar":"","ocean_shortcode_after_top_bar":"","ocean_shortcode_before_header":"","ocean_shortcode_after_header":"","ocean_has_shortcode":"","ocean_shortcode_after_title":"","ocean_shortcode_before_footer_widgets":"","ocean_shortcode_after_footer_widgets":"","ocean_shortcode_before_footer_bottom":"","ocean_shortcode_after_footer_bottom":"","ocean_display_top_bar":"default","ocean_display_header":"default","ocean_header_style":"","ocean_center_header_left_menu":"","ocean_custom_header_template":"","ocean_custom_logo":0,"ocean_custom_retina_logo":0,"ocean_custom_logo_max_width":0,"ocean_custom_logo_tablet_max_width":0,"ocean_custom_logo_mobile_max_width":0,"ocean_custom_logo_max_height":0,"ocean_custom_logo_tablet_max_height":0,"ocean_custom_logo_mobile_max_height":0,"ocean_header_custom_menu":"","ocean_menu_typo_font_family":"","ocean_menu_typo_font_subset":"","ocean_menu_typo_font_size":0,"ocean_menu_typo_font_size_tablet":0,"ocean_menu_typo_font_size_mobile":0,"ocean_menu_typo_font_size_unit":"px","ocean_menu_typo_font_weight":"","ocean_menu_typo_font_weight_tablet":"","ocean_menu_typo_font_weight_mobile":"","ocean_menu_typo_transform":"","ocean_menu_typo_transform_tablet":"","ocean_menu_typo_transform_mobile":"","ocean_menu_typo_line_height":0,"ocean_menu_typo_line_height_tablet":0,"ocean_menu_typo_line_height_mobile":0,"ocean_menu_typo_line_height_unit":"","ocean_menu_typo_spacing":0,"ocean_menu_typo_spacing_tablet":0,"ocean_menu_typo_spacing_mobile":0,"ocean_menu_typo_spacing_unit":"","ocean_menu_link_color":"","ocean_menu_link_color_hover":"","ocean_menu_link_color_active":"","ocean_menu_link_background":"","ocean_menu_link_hover_background":"","ocean_menu_link_active_background":"","ocean_menu_social_links_bg":"","ocean_menu_social_hover_links_bg":"","ocean_menu_social_links_color":"","ocean_menu_social_hover_links_color":"","ocean_disable_title":"default","ocean_disable_heading":"default","ocean_post_title":"","ocean_post_subheading":"","ocean_post_title_style":"","ocean_post_title_background_color":"","ocean_post_title_background":0,"ocean_post_title_bg_image_position":"","ocean_post_title_bg_image_attachment":"","ocean_post_title_bg_image_repeat":"","ocean_post_title_bg_image_size":"","ocean_post_title_height":0,"ocean_post_title_bg_overlay":0.5,"ocean_post_title_bg_overlay_color":"","ocean_disable_breadcrumbs":"default","ocean_breadcrumbs_color":"","ocean_breadcrumbs_separator_color":"","ocean_breadcrumbs_links_color":"","ocean_breadcrumbs_links_hover_color":"","ocean_display_footer_widgets":"default","ocean_display_footer_bottom":"default","ocean_custom_footer_template":"","footnotes":""},"class_list":["post-276","page","type-page","status-publish","hentry","entry"],"acf":[],"yoast_head":"<!-- This site is optimized with the Yoast SEO plugin v24.2 - https:\/\/yoast.com\/wordpress\/plugins\/seo\/ -->\n<title>Make your dream come true - Key Home<\/title>\n<meta name=\"robots\" content=\"index, follow, max-snippet:-1, max-image-preview:large, max-video-preview:-1\" \/>\n<link rel=\"canonical\" href=\"https:\/\/form.keyhome.realestate\/pt\/make-your-dream-come-true\/\" \/>\n<meta property=\"og:locale\" content=\"pt_BR\" \/>\n<meta property=\"og:type\" content=\"article\" \/>\n<meta property=\"og:title\" content=\"Make your dream come true - Key Home\" \/>\n<meta property=\"og:description\" content=\"MAKE YOUR DREAM COME TRUECONTACT US MAKE YOUR DREAM COME TRUECONTACT US MortgAge CAlculAtor [optima_express_mortgage_calculator] KEEP UP TO DATE WITH US Sign up for exclusive news and market updates!\" \/>\n<meta property=\"og:url\" content=\"https:\/\/form.keyhome.realestate\/pt\/make-your-dream-come-true\/\" \/>\n<meta property=\"og:site_name\" content=\"Key Home\" \/>\n<meta property=\"article:modified_time\" content=\"2024-06-20T11:53:26+00:00\" \/>\n<meta name=\"twitter:card\" content=\"summary_large_image\" \/>\n<meta name=\"twitter:label1\" content=\"Est. tempo de leitura\" \/>\n\t<meta name=\"twitter:data1\" content=\"3 minutos\" \/>\n<script type=\"application\/ld+json\" class=\"yoast-schema-graph\">{\"@context\":\"https:\/\/schema.org\",\"@graph\":[{\"@type\":\"WebPage\",\"@id\":\"https:\/\/form.keyhome.realestate\/make-your-dream-come-true\/\",\"url\":\"https:\/\/form.keyhome.realestate\/make-your-dream-come-true\/\",\"name\":\"Make your dream come true - Key Home\",\"isPartOf\":{\"@id\":\"https:\/\/form.keyhome.realestate\/#website\"},\"datePublished\":\"2024-04-02T18:48:56+00:00\",\"dateModified\":\"2024-06-20T11:53:26+00:00\",\"breadcrumb\":{\"@id\":\"https:\/\/form.keyhome.realestate\/make-your-dream-come-true\/#breadcrumb\"},\"inLanguage\":\"pt-BR\",\"potentialAction\":[{\"@type\":\"ReadAction\",\"target\":[\"https:\/\/form.keyhome.realestate\/make-your-dream-come-true\/\"]}]},{\"@type\":\"BreadcrumbList\",\"@id\":\"https:\/\/form.keyhome.realestate\/make-your-dream-come-true\/#breadcrumb\",\"itemListElement\":[{\"@type\":\"ListItem\",\"position\":1,\"name\":\"In\u00edcio\",\"item\":\"https:\/\/form.keyhome.realestate\/\"},{\"@type\":\"ListItem\",\"position\":2,\"name\":\"Make your dream come true\"}]},{\"@type\":\"WebSite\",\"@id\":\"https:\/\/form.keyhome.realestate\/#website\",\"url\":\"https:\/\/form.keyhome.realestate\/\",\"name\":\"Key Home\",\"description\":\"\",\"publisher\":{\"@id\":\"https:\/\/form.keyhome.realestate\/#organization\"},\"potentialAction\":[{\"@type\":\"SearchAction\",\"target\":{\"@type\":\"EntryPoint\",\"urlTemplate\":\"https:\/\/form.keyhome.realestate\/?s={search_term_string}\"},\"query-input\":{\"@type\":\"PropertyValueSpecification\",\"valueRequired\":true,\"valueName\":\"search_term_string\"}}],\"inLanguage\":\"pt-BR\"},{\"@type\":\"Organization\",\"@id\":\"https:\/\/form.keyhome.realestate\/#organization\",\"name\":\"Key Home\",\"url\":\"https:\/\/form.keyhome.realestate\/\",\"logo\":{\"@type\":\"ImageObject\",\"inLanguage\":\"pt-BR\",\"@id\":\"https:\/\/form.keyhome.realestate\/#\/schema\/logo\/image\/\",\"url\":\"https:\/\/form.keyhome.realestate\/wp-content\/uploads\/2024\/04\/Key-Home_Logo-Secondary-02_White-Background-1.png\",\"contentUrl\":\"https:\/\/form.keyhome.realestate\/wp-content\/uploads\/2024\/04\/Key-Home_Logo-Secondary-02_White-Background-1.png\",\"width\":143,\"height\":82,\"caption\":\"Key Home\"},\"image\":{\"@id\":\"https:\/\/form.keyhome.realestate\/#\/schema\/logo\/image\/\"}}]}<\/script>\n<!-- \/ Yoast SEO plugin. -->","yoast_head_json":{"title":"Make your dream come true - Key Home","robots":{"index":"index","follow":"follow","max-snippet":"max-snippet:-1","max-image-preview":"max-image-preview:large","max-video-preview":"max-video-preview:-1"},"canonical":"https:\/\/form.keyhome.realestate\/pt\/make-your-dream-come-true\/","og_locale":"pt_BR","og_type":"article","og_title":"Make your dream come true - Key Home","og_description":"MAKE YOUR DREAM COME TRUECONTACT US MAKE YOUR DREAM COME TRUECONTACT US MortgAge CAlculAtor [optima_express_mortgage_calculator] KEEP UP TO DATE WITH US Sign up for exclusive news and market updates!","og_url":"https:\/\/form.keyhome.realestate\/pt\/make-your-dream-come-true\/","og_site_name":"Key Home","article_modified_time":"2024-06-20T11:53:26+00:00","twitter_card":"summary_large_image","twitter_misc":{"Est. tempo de leitura":"3 minutos"},"schema":{"@context":"https:\/\/schema.org","@graph":[{"@type":"WebPage","@id":"https:\/\/form.keyhome.realestate\/make-your-dream-come-true\/","url":"https:\/\/form.keyhome.realestate\/make-your-dream-come-true\/","name":"Make your dream come true - Key Home","isPartOf":{"@id":"https:\/\/form.keyhome.realestate\/#website"},"datePublished":"2024-04-02T18:48:56+00:00","dateModified":"2024-06-20T11:53:26+00:00","breadcrumb":{"@id":"https:\/\/form.keyhome.realestate\/make-your-dream-come-true\/#breadcrumb"},"inLanguage":"pt-BR","potentialAction":[{"@type":"ReadAction","target":["https:\/\/form.keyhome.realestate\/make-your-dream-come-true\/"]}]},{"@type":"BreadcrumbList","@id":"https:\/\/form.keyhome.realestate\/make-your-dream-come-true\/#breadcrumb","itemListElement":[{"@type":"ListItem","position":1,"name":"In\u00edcio","item":"https:\/\/form.keyhome.realestate\/"},{"@type":"ListItem","position":2,"name":"Make your dream come true"}]},{"@type":"WebSite","@id":"https:\/\/form.keyhome.realestate\/#website","url":"https:\/\/form.keyhome.realestate\/","name":"Key Home","description":"","publisher":{"@id":"https:\/\/form.keyhome.realestate\/#organization"},"potentialAction":[{"@type":"SearchAction","target":{"@type":"EntryPoint","urlTemplate":"https:\/\/form.keyhome.realestate\/?s={search_term_string}"},"query-input":{"@type":"PropertyValueSpecification","valueRequired":true,"valueName":"search_term_string"}}],"inLanguage":"pt-BR"},{"@type":"Organization","@id":"https:\/\/form.keyhome.realestate\/#organization","name":"Key Home","url":"https:\/\/form.keyhome.realestate\/","logo":{"@type":"ImageObject","inLanguage":"pt-BR","@id":"https:\/\/form.keyhome.realestate\/#\/schema\/logo\/image\/","url":"https:\/\/form.keyhome.realestate\/wp-content\/uploads\/2024\/04\/Key-Home_Logo-Secondary-02_White-Background-1.png","contentUrl":"https:\/\/form.keyhome.realestate\/wp-content\/uploads\/2024\/04\/Key-Home_Logo-Secondary-02_White-Background-1.png","width":143,"height":82,"caption":"Key Home"},"image":{"@id":"https:\/\/form.keyhome.realestate\/#\/schema\/logo\/image\/"}}]}},"_links":{"self":[{"href":"https:\/\/form.keyhome.realestate\/pt\/wp-json\/wp\/v2\/pages\/276","targetHints":{"allow":["GET"]}}],"collection":[{"href":"https:\/\/form.keyhome.realestate\/pt\/wp-json\/wp\/v2\/pages"}],"about":[{"href":"https:\/\/form.keyhome.realestate\/pt\/wp-json\/wp\/v2\/types\/page"}],"author":[{"embeddable":true,"href":"https:\/\/form.keyhome.realestate\/pt\/wp-json\/wp\/v2\/users\/1"}],"replies":[{"embeddable":true,"href":"https:\/\/form.keyhome.realestate\/pt\/wp-json\/wp\/v2\/comments?post=276"}],"version-history":[{"count":193,"href":"https:\/\/form.keyhome.realestate\/pt\/wp-json\/wp\/v2\/pages\/276\/revisions"}],"predecessor-version":[{"id":3372,"href":"https:\/\/form.keyhome.realestate\/pt\/wp-json\/wp\/v2\/pages\/276\/revisions\/3372"}],"wp:attachment":[{"href":"https:\/\/form.keyhome.realestate\/pt\/wp-json\/wp\/v2\/media?parent=276"}],"curies":[{"name":"wp","href":"https:\/\/api.w.org\/{rel}","templated":true}]}}